{"id":6173,"date":"2023-12-05T19:39:58","date_gmt":"2023-12-05T18:39:58","guid":{"rendered":"https:\/\/galgosdelsur.es\/how-to-adopt\/"},"modified":"2024-01-15T12:09:07","modified_gmt":"2024-01-15T11:09:07","slug":"how-to-adopt","status":"publish","type":"page","link":"https:\/\/galgosdelsur.es\/en\/how-to-adopt\/","title":{"rendered":"How to adopt"},"content":{"rendered":"<h1 class=\"wp-block-heading\">{post_title}<\/h1><p><!-- wp:Array \/--><\/p>\n<figure class=\"wp-block-image size-full\"><img loading=\"lazy\" decoding=\"async\" width=\"960\" height=\"1280\" src=\"https:\/\/galgosdelsur.es\/wp-content\/uploads\/el_galgo_historia_1.jpg\" alt=\"\" class=\"wp-image-615\" srcset=\"https:\/\/galgosdelsur.es\/wp-content\/uploads\/el_galgo_historia_1.jpg 960w, https:\/\/galgosdelsur.es\/wp-content\/uploads\/el_galgo_historia_1-768x1024.jpg 768w, https:\/\/galgosdelsur.es\/wp-content\/uploads\/el_galgo_historia_1-600x800.jpg 600w\" sizes=\"auto, (max-width: 960px) 100vw, 960px\" \/><\/figure><h2 class=\"wp-block-heading\">Why do you want to adopt a pet?<\/h2><p>Yes, we know that there are many questions, but these are all the questions that will arise when you adopt and when the animal and you share a life together. It is essential to answer these questions honestly to yourself, as the shelters and kennels are full of animals whose owners have not thought through the issue of animal ownership and the responsibility that goes with it, and the only ones who pay for it (and almost always with their lives) are the animals.<\/p><p>The fact that you are considering adoption means that you are a responsible and humane person, who has become or wants to become aware of the situation of pets in our country. The buying and selling of &#8220;pets&#8221; only promotes the trafficking of lives, the &#8220;use&#8221; of animals as a livelihood, indiscriminate breeding and in many cases situations of mistreatment and violation of animal rights. So please stay out of &#8220;that market&#8221;, and give those in the shelter a chance. So little by little, if nobody buys, the &#8220;business&#8221; will cease to be profitable and this situation will change.<\/p><p>If you decide to adopt a puppy, as well as being indicated in the adoption contract that you will sign, you must sterilise the animal when it reaches adulthood, as this is the only effective and responsible way we have to fight against overpopulation, the main problem and cause of animal abandonment. Read more here.<\/p><p>You can also choose to become a <strong>&#8220;temporary foster home&#8221;<\/strong>. This figure is fundamental for the recovery of many animals and is very little known. Being a temporary foster home means that for a certain period of time (normally until the animal recovers or finds a permanent family) <strong>it lives in our home and we provide it with the care and attention it needs.<\/strong> While many may think that it is hard to part with an animal (it always is, but it is worth taking in) with whom you have shared many things, but you have to think that you will always be part of this animal&#8217;s life, and that it will probably owe it to that act of generosity that you did when you opened your home to it. This option is very suitable for people who do not have job stability, economic stability, or any other circumstance that does not allow them to keep an animal for its entire life. Come on! Try it and you will see how comforting it is to save the life of a living being.<\/p><p>And finally, once you have responsibly and firmly made the decision to adopt, here are a few last tips:<\/p><ul><li>Averigua todo lo que puedas sobre el animal que has elegido (car\u00e1cter, historia, procedencia, comportamiento, necesidades, estado de salud, etc.).<\/li><li>No elijas al animal s\u00f3lo por su aspecto, val\u00f3ralo en todo su conjunto y aseg\u00farate de que sois compatibles.<\/li><li>No te precipites.<\/li><li>Una vez adoptado ll\u00e9valo al veterinario. No lo agobies en las primeras semanas, el perro necesita su tiempo para adaptarse a su nueva vida.<\/li><li>Es importante que busques informaci\u00f3n y consejo sobre c\u00f3mo educar y convivir con tu nuevo compa\u00f1ero. Lee libros, busca art\u00edculos en Internet, consulta a \u00e9tologos o adiestradores caninos, etc. Esto tambi\u00e9n es muy importante si ya tienes un animal y quieres introducir otro en tu \u201cfamilia\/manada\u201d.<\/li><\/ul><p>We will never tire of repeating it, <strong>adopting a greyhound will bring you immense joy<\/strong> and fill many aspects of your life, but it also means a series of problems that you will have to face and overcome together with your new friend. The commitment you make is a lifelong commitment.<\/p><div class=\"wp-block-buttons is-layout-flex wp-block-buttons-is-layout-flex\"><div class=\"wp-block-button\"><a class=\"wp-block-button__link\">More information<\/a><\/div><\/div><div class=\"wp-block-buttons is-layout-flex wp-block-buttons-is-layout-flex\"><div class=\"wp-block-button\"><a class=\"wp-block-button__link\">Adoption Form<\/a><\/div><\/div>","protected":false},"excerpt":{"rendered":"<p>{post_title} Why do you want to adopt a pet? Yes, we know that there are many questions, but these are all the questions that will arise when you adopt and when the animal and you share a life together. It is essential to answer these questions honestly to yourself, as the shelters and kennels are [&hellip;]<\/p>\n","protected":false},"author":2,"featured_media":0,"parent":0,"menu_order":0,"comment_status":"closed","ping_status":"closed","template":"","meta":{"_acf_changed":false,"footnotes":""},"class_list":["post-6173","page","type-page","status-publish","hentry"],"acf":[],"_links":{"self":[{"href":"https:\/\/galgosdelsur.es\/en\/wp-json\/wp\/v2\/pages\/6173","targetHints":{"allow":["GET"]}}],"collection":[{"href":"https:\/\/galgosdelsur.es\/en\/wp-json\/wp\/v2\/pages"}],"about":[{"href":"https:\/\/galgosdelsur.es\/en\/wp-json\/wp\/v2\/types\/page"}],"author":[{"embeddable":true,"href":"https:\/\/galgosdelsur.es\/en\/wp-json\/wp\/v2\/users\/2"}],"replies":[{"embeddable":true,"href":"https:\/\/galgosdelsur.es\/en\/wp-json\/wp\/v2\/comments?post=6173"}],"version-history":[{"count":1,"href":"https:\/\/galgosdelsur.es\/en\/wp-json\/wp\/v2\/pages\/6173\/revisions"}],"predecessor-version":[{"id":6174,"href":"https:\/\/galgosdelsur.es\/en\/wp-json\/wp\/v2\/pages\/6173\/revisions\/6174"}],"wp:attachment":[{"href":"https:\/\/galgosdelsur.es\/en\/wp-json\/wp\/v2\/media?parent=6173"}],"curies":[{"name":"wp","href":"https:\/\/api.w.org\/{rel}","templated":true}]}}