{"id":6653,"date":"2023-12-06T06:25:20","date_gmt":"2023-12-06T05:25:20","guid":{"rendered":"https:\/\/galgosdelsur.es\/galgo-tienda\/unkategorisiert\/solidaritaetskalender-2024\/"},"modified":"2026-01-03T12:49:38","modified_gmt":"2026-01-03T11:49:38","slug":"solidaritaetskalender-2024","status":"publish","type":"product","link":"https:\/\/galgosdelsur.es\/de\/galgo-tienda\/fur-sie\/solidaritaetskalender-2024\/","title":{"rendered":"Solidarit\u00e4tskalender 2024"},"content":{"rendered":"<p>Unser Solidarit\u00e4tskalender 2024 ist jetzt verf\u00fcgbar. Wie jedes Jahr wird er mit Sorgfalt und besonderer Zuneigung erstellt, in Zusammenarbeit mit vielen freiwilligen Helfern, die sich bem\u00fchen, Geldmittel zu beschaffen und alle Kosten zu tragen, die durch die Aktionen des Vereins entstehen. Es ist ein Wandkalender im Format A4.<\/p>\n<p>Denken Sie daran, dass Galgos del Sur KEINE \u00f6ffentlichen Subventionen oder Beihilfen erh\u00e4lt. Wir haben nur Menschen, die wie wir jeden Tag gegen die Ungerechtigkeit k\u00e4mpfen, die diesen edlen Tieren in unserem Land widerf\u00e4hrt.<\/p>\n<p>Helfen Sie uns, ihnen zu helfen! Danke, dass Sie den Windhunden zur Seite stehen, an der Seite der Gerechtigkeit.<\/p>\n<p>Galgos del Sur.<\/p>\n","protected":false},"excerpt":{"rendered":"<p>Unser Kalender 2024 ist hier.<br \/>\nSie erhalten es f\u00fcr nur 13 \u20ac (inkl. Versand) <strong>und beim Kauf von 2 oder mehr Einheiten<\/strong> f\u00fcr nur 11 \u20ac pro St\u00fcck.<\/p>\n<p>Vergessen Sie nicht, alle Ihre Versanddaten anzugeben!<\/p>\n","protected":false},"featured_media":15309,"template":"","meta":{"_acf_changed":false},"product_brand":[],"product_cat":[258,150],"product_tag":[],"class_list":{"0":"post-6653","1":"product","2":"type-product","3":"status-publish","4":"has-post-thumbnail","6":"product_cat-fur-sie","7":"product_cat-unkategorisiert","9":"first","10":"instock","11":"shipping-taxable","12":"purchasable","13":"product-type-simple"},"acf":[],"_links":{"self":[{"href":"https:\/\/galgosdelsur.es\/de\/wp-json\/wp\/v2\/product\/6653","targetHints":{"allow":["GET"]}}],"collection":[{"href":"https:\/\/galgosdelsur.es\/de\/wp-json\/wp\/v2\/product"}],"about":[{"href":"https:\/\/galgosdelsur.es\/de\/wp-json\/wp\/v2\/types\/product"}],"wp:featuredmedia":[{"embeddable":true,"href":"https:\/\/galgosdelsur.es\/de\/wp-json\/wp\/v2\/media\/15309"}],"wp:attachment":[{"href":"https:\/\/galgosdelsur.es\/de\/wp-json\/wp\/v2\/media?parent=6653"}],"wp:term":[{"taxonomy":"product_brand","embeddable":true,"href":"https:\/\/galgosdelsur.es\/de\/wp-json\/wp\/v2\/product_brand?post=6653"},{"taxonomy":"product_cat","embeddable":true,"href":"https:\/\/galgosdelsur.es\/de\/wp-json\/wp\/v2\/product_cat?post=6653"},{"taxonomy":"product_tag","embeddable":true,"href":"https:\/\/galgosdelsur.es\/de\/wp-json\/wp\/v2\/product_tag?post=6653"}],"curies":[{"name":"wp","href":"https:\/\/api.w.org\/{rel}","templated":true}]}}