{"id":6708,"date":"2022-11-03T10:32:13","date_gmt":"2022-11-03T09:32:13","guid":{"rendered":"https:\/\/galgosdelsur.es\/datenschutzbestimmungen\/"},"modified":"2024-01-17T11:52:28","modified_gmt":"2024-01-17T10:52:28","slug":"datenschutzbestimmungen","status":"publish","type":"page","link":"https:\/\/galgosdelsur.es\/de\/datenschutzbestimmungen\/","title":{"rendered":"Datenschutzbestimmungen"},"content":{"rendered":"\n<p>In \u00dcbereinstimmung mit der Verordnung (EU) 2016\/679 des Europ\u00e4ischen Parlaments und des Rates vom 27. April 2016 zum Schutz nat\u00fcrlicher Personen bei der Verarbeitung personenbezogener Daten und zur Aufhebung der Richtlinie 95\/46\/EG (im Folgenden &#8222;RGPD&#8220;), dem Gesetz 34\/2002 vom 11. Juli 2002 \u00fcber die Dienste der Informationsgesellschaft und den elektronischen Gesch\u00e4ftsverkehr (im Folgenden &#8222;LSSI-CE&#8220;) und dem Organgesetz 3\/2018 \u00fcber den Schutz personenbezogener Daten und die Gew\u00e4hrleistung der digitalen Rechte (im Folgenden &#8222;LOPDGDD&#8220;), Asociaci\u00f3n Protectora de Animales Galgos del Sur garantiert den Schutz und die Vertraulichkeit pers\u00f6nlicher Daten jeglicher Art, die uns von unseren Kunden zur Verf\u00fcgung gestellt werden, in \u00dcbereinstimmung mit den Bestimmungen der allgemeinen Verordnung \u00fcber den Schutz pers\u00f6nlicher Daten.<br\/>Die zur Verf\u00fcgung gestellten Daten werden gem\u00e4\u00df den Bestimmungen der Datenschutzrichtlinie behandelt. In diesem Sinne hat Asociaci\u00f3n Protectora de Animales Galgos del Sur die gesetzlich vorgeschriebenen Schutzma\u00dfnahmen ergriffen und alle ihr zur Verf\u00fcgung stehenden technischen Vorkehrungen getroffen, um den Verlust, den Missbrauch, die Ver\u00e4nderung und den unbefugten Zugriff durch Dritte zu verhindern, wie im Folgenden dargelegt. Der Nutzer sollte sich jedoch bewusst sein, dass die Sicherheitsma\u00dfnahmen im Internet nicht un\u00fcberwindbar sind.<br\/>F\u00fcr die Verarbeitung Verantwortlicher Name:<br\/>Asociaci\u00f3n Protectora de Animales Galgos del Sur<br\/>CIF: G14894323<br\/>Adresse: Calle \u00c1ngel Mar\u00eda de Barcia n\u00ba 14<br\/>Telefon: (+34) <br\/>Email: galgosdelsur@gmail.com<\/p>\n\n<p>Zweck der Verarbeitung Alle Daten, die von unseren Kunden und\/oder Besuchern der Website von Asociaci\u00f3n Protectora de Animales Galgos del Sur oder seiner Mitarbeiter in das Register der Verarbeitungen personenbezogener Daten aufgenommen, das unter der Verantwortung der Europ\u00e4ischen Kommission erstellt und gef\u00fchrt wird. Asociaci\u00f3n Protectora de Animales Galgos del SurDie Verwendung dieser Daten ist unerl\u00e4sslich, um die von den Nutzern angeforderten Dienstleistungen zu erbringen oder um etwaige Zweifel oder Fragen unserer Besucher zu kl\u00e4ren.<br\/>Es ist unsere Politik, keine Profile von Nutzern unserer Dienste zu erstellen.<\/p>\n\n<p>Rechtm\u00e4\u00dfigkeit der Verarbeitung<\/p>\n\n<p>Vertragliche Beziehung: Dies ist die Beziehung, die gilt, wenn Sie eines unserer Produkte kaufen oder eine unserer Dienstleistungen in Anspruch nehmen.<br\/>Legitimes Interesse: Bearbeitung der Anfragen und Forderungen, die Sie an uns richten, und Verwaltung der Eintreibung der geschuldeten Betr\u00e4ge.<br\/>Ihr Einverst\u00e4ndnis: Wenn Sie ein Nutzer unserer Website sind, erm\u00e4chtigen Sie uns durch Ankreuzen des K\u00e4stchens im Kontaktformular, Ihnen die notwendigen Mitteilungen zu senden, um Ihre Anfrage oder Ihren Antrag auf Informationen zu beantworten.<\/p>\n\n<p>Adressaten<\/p>\n\n<p>Wir geben Ihre personenbezogenen Daten an niemanden weiter, mit Ausnahme von \u00f6ffentlichen oder privaten Stellen, denen wir Ihre personenbezogenen Daten zur Einhaltung von Gesetzen offenlegen m\u00fcssen. So schreibt das Steuergesetz beispielsweise vor, dass der Steuerbeh\u00f6rde bestimmte Informationen \u00fcber wirtschaftliche Transaktionen, die einen bestimmten Betrag \u00fcberschreiten, zu \u00fcbermitteln sind. F\u00fcr den Fall, dass wir, abgesehen von den oben genannten F\u00e4llen, Ihre pers\u00f6nlichen Daten an andere Stellen weitergeben m\u00fcssen, werden wir Sie vorher um Ihre Erlaubnis bitten, indem wir Ihnen klare Optionen anbieten, die es Ihnen erm\u00f6glichen, in dieser Hinsicht zu entscheiden. Kommunikation Wir werden Ihre personenbezogenen Daten f\u00fcr keinen der oben genannten Zwecke ins Ausland \u00fcbermitteln.<\/p>\n\n<p>Konservierung<\/p>\n\n<p>Wir bewahren Ihre personenbezogenen Daten nur so lange auf, wie es f\u00fcr die Erf\u00fcllung der Zwecke, f\u00fcr die sie erhoben wurden, erforderlich ist. Bei der Festlegung der angemessenen Aufbewahrungsfrist ber\u00fccksichtigen wir die mit der Verarbeitung verbundenen Risiken sowie unsere vertraglichen, gesetzlichen und beh\u00f6rdlichen Verpflichtungen, unsere internen Richtlinien zur Datenaufbewahrung und unsere berechtigten Gesch\u00e4ftsinteressen, wie hier beschrieben.<\/p>\n\n<p>Datenschutzhinweis und Cookie-Richtlinie.<\/p>\n\n<p>In diesem Sinne bewahrt Asociaci\u00f3n Protectora de Animales Galgos del Surdie personenbezogenen Daten nach Beendigung der Beziehung zu Ihnen, ordnungsgem\u00e4\u00df gesperrt, f\u00fcr die Dauer der Verj\u00e4hrung der Handlungen auf, die sich aus der mit dem Interessenten unterhaltenen Beziehung ergeben k\u00f6nnten. Einmal gesperrt, sind Ihre Daten unzug\u00e4nglich f\u00fcr Asociaci\u00f3n Protectora de Animales Galgos del SurSie werden nicht verarbeitet, es sei denn, um sie den \u00f6ffentlichen Verwaltungen, Richtern und Gerichten zur Verf\u00fcgung zu stellen, um eventuelle Verbindlichkeiten aus der Verarbeitung zu pr\u00fcfen sowie um Anspr\u00fcche vor der spanischen Datenschutzbeh\u00f6rde geltend zu machen und zu verteidigen.<\/p>\n\n<p>Sicherheit<\/p>\n\n<p>Wir unternehmen alle angemessenen Anstrengungen, um die Vertraulichkeit der in unseren Systemen verarbeiteten personenbezogenen Daten zu wahren. Wir halten ein strenges Sicherheitsniveau ein, um die von uns verarbeiteten personenbezogenen Daten gegen zuf\u00e4lligen Verlust und gegen unbefugten Zugriff, Verarbeitung oder Offenlegung zu sch\u00fctzen, wobei der Stand der Technik, die Art der Daten und die Risiken, denen sie ausgesetzt sind, ber\u00fccksichtigt werden. Wir k\u00f6nnen jedoch nicht daf\u00fcr verantwortlich gemacht werden, wie Sie die von Ihnen auf unserer Website verwendeten Daten (einschlie\u00dflich Benutzername und Passwort) nutzen. Unsere Mitarbeiter halten sich an strenge Datenschutzstandards, und wenn wir Dritte mit der Erbringung von Unterst\u00fctzungsleistungen beauftragen, verlangen wir von ihnen, dass sie sich an dieselben Standards halten, und erlauben uns, sie auf ihre Einhaltung hin zu \u00fcberpr\u00fcfen.<\/p>\n\n<p>Ihre Rechte<\/p>\n\n<p>Wir informieren Sie dar\u00fcber, dass Sie die folgenden Rechte aus\u00fcben k\u00f6nnen:<br\/>Recht auf Zugang zu Ihren personenbezogenen Daten, um zu erfahren, welche personenbezogenen Daten verarbeitet werden und welche Verarbeitungen an ihnen vorgenommen werden;<br\/>Das Recht, unrichtige personenbezogene Daten zu berichtigen;<br\/>Das Recht auf L\u00f6schung Ihrer personenbezogenen Daten, sofern dies m\u00f6glich ist (z. B. aufgrund gesetzlicher Bestimmungen);<br\/>das Recht, die Verarbeitung Ihrer personenbezogenen Daten einzuschr\u00e4nken, wenn Zweifel an der Richtigkeit, Rechtm\u00e4\u00dfigkeit oder Notwendigkeit der Datenverarbeitung bestehen; in diesem Fall k\u00f6nnen wir die Daten zum Zwecke der Geltendmachung oder Verteidigung von Anspr\u00fcchen aufbewahren.<br\/>Das Recht, der Verarbeitung Ihrer personenbezogenen Daten zu widersprechen, wenn die Rechtsgrundlage, die uns die Verarbeitung dieser Daten erlaubt, unser berechtigtes Interesse ist. \u00abNombre_Empresa\u00bb wird die Verarbeitung Ihrer Daten einstellen, es sei denn, sie hat ein berechtigtes Interesse oder sie ist f\u00fcr die Abwehr von Anspr\u00fcchen erforderlich.<br\/>Das Recht auf Daten\u00fcbertragbarkeit, wenn die Rechtsgrundlage f\u00fcr die Verarbeitung Ihrer Daten das Bestehen eines Vertragsverh\u00e4ltnisses oder Ihre Einwilligung ist.<br\/>Recht auf Widerruf der erteilten Zustimmung zu Asociaci\u00f3n Protectora de Animales Galgos del Sur<br\/>Sie k\u00f6nnen Ihre Rechte jederzeit kostenlos aus\u00fcben, indem Sie sich unter Beif\u00fcgung einer Kopie Ihres Personalausweises an die Adresse Calle \u00c1ngel Mar\u00eda de Barcia n\u00ba 14, 14001 C\u00f3rdoba (Spanien) wenden.<\/p>\n\n<p>Schutz der Rechte<\/p>\n\n<p>Wenn Sie der Meinung sind, dass Ihre Rechte von unserer Einrichtung missachtet wurden, k\u00f6nnen Sie eine Beschwerde bei der spanischen Datenschutzbeh\u00f6rde einreichen:<br\/>Elektronische Zentrale: https:\/\/www.aepd.es<br\/>Correo postal: Agencia Espa\u00f1ola de Protecci\u00f3n de Datos, C\/ Jorge Juan, 6, 28001, Madrid<br\/>Telefonnummer: 901.100.099 y 912.663.517<\/p>\n\n<p>Die Einreichung einer Beschwerde bei der spanischen Datenschutzbeh\u00f6rde ist mit keinerlei Kosten verbunden, und die Unterst\u00fctzung durch einen Rechtsanwalt ist nicht erforderlich.<\/p>\n\n<p>Asociaci\u00f3n Protectora de Animales Galgos del Sur beh\u00e4lt sich das Recht vor, diese Politik zu \u00e4ndern, um sie an neue rechtliche oder juristische Entwicklungen anzupassen, die sich auf die Einhaltung dieser Politik auswirken k\u00f6nnen.<\/p>\n","protected":false},"excerpt":{"rendered":"<p>In \u00dcbereinstimmung mit der Verordnung (EU) 2016\/679 des Europ\u00e4ischen Parlaments und des Rates vom 27. April 2016 zum Schutz nat\u00fcrlicher Personen bei der Verarbeitung personenbezogener Daten und zur Aufhebung der Richtlinie 95\/46\/EG (im Folgenden &#8222;RGPD&#8220;), dem Gesetz 34\/2002 vom 11. Juli 2002 \u00fcber die Dienste der Informationsgesellschaft und den elektronischen Gesch\u00e4ftsverkehr (im Folgenden &#8222;LSSI-CE&#8220;) und [&hellip;]<\/p>\n","protected":false},"author":1,"featured_media":0,"parent":0,"menu_order":0,"comment_status":"closed","ping_status":"closed","template":"","meta":{"_acf_changed":false,"footnotes":""},"class_list":["post-6708","page","type-page","status-publish","hentry"],"acf":[],"_links":{"self":[{"href":"https:\/\/galgosdelsur.es\/de\/wp-json\/wp\/v2\/pages\/6708","targetHints":{"allow":["GET"]}}],"collection":[{"href":"https:\/\/galgosdelsur.es\/de\/wp-json\/wp\/v2\/pages"}],"about":[{"href":"https:\/\/galgosdelsur.es\/de\/wp-json\/wp\/v2\/types\/page"}],"author":[{"embeddable":true,"href":"https:\/\/galgosdelsur.es\/de\/wp-json\/wp\/v2\/users\/1"}],"replies":[{"embeddable":true,"href":"https:\/\/galgosdelsur.es\/de\/wp-json\/wp\/v2\/comments?post=6708"}],"version-history":[{"count":2,"href":"https:\/\/galgosdelsur.es\/de\/wp-json\/wp\/v2\/pages\/6708\/revisions"}],"predecessor-version":[{"id":6712,"href":"https:\/\/galgosdelsur.es\/de\/wp-json\/wp\/v2\/pages\/6708\/revisions\/6712"}],"wp:attachment":[{"href":"https:\/\/galgosdelsur.es\/de\/wp-json\/wp\/v2\/media?parent=6708"}],"curies":[{"name":"wp","href":"https:\/\/api.w.org\/{rel}","templated":true}]}}