{"id":6706,"date":"2023-10-18T11:44:10","date_gmt":"2023-10-18T09:44:10","guid":{"rendered":"https:\/\/galgosdelsur.es\/cookie-politik\/"},"modified":"2024-01-17T11:32:37","modified_gmt":"2024-01-17T10:32:37","slug":"cookie-politik","status":"publish","type":"page","link":"https:\/\/galgosdelsur.es\/de\/cookie-politik\/","title":{"rendered":"Cookie-Politik"},"content":{"rendered":"\n<p>Ein Cookie ist eine Datei, die auf Ihren Computer heruntergeladen wird, wenn Sie bestimmte Webseiten aufrufen. Cookies erm\u00f6glichen es einer Website unter anderem, Informationen \u00fcber die Surfgewohnheiten eines Nutzers oder seines Ger\u00e4ts zu speichern und abzurufen, und je nach den enthaltenen Informationen und der Art und Weise, wie er sein Ger\u00e4t benutzt, k\u00f6nnen sie zur Wiedererkennung des Nutzers verwendet werden.<\/p>\n\n<p>Der Browser des Nutzers speichert Cookies nur w\u00e4hrend der aktuellen Sitzung auf der Festplatte, so dass nur minimaler Speicherplatz ben\u00f6tigt wird und der Computer nicht besch\u00e4digt wird. Cookies enthalten keine spezifischen pers\u00f6nlichen Informationen, und die meisten Cookies werden am Ende der Browser-Sitzung von Ihrer Festplatte gel\u00f6scht (so genannte Session-Cookies).<\/p>\n\n<p>Die meisten Browser akzeptieren Cookies standardm\u00e4\u00dfig und erlauben oder verhindern unabh\u00e4ngig davon in den Sicherheitseinstellungen tempor\u00e4re oder gespeicherte Cookies.<\/p>\n\n<p>Ohne Ihre ausdr\u00fcckliche Zustimmung &#8211; durch Aktivierung von Cookies in Ihrem Browser &#8211; wird Asociaci\u00f3n Protectora de Animales Galgos del Sur die in den Cookies gespeicherten Daten nicht mit Ihren bei der Registrierung oder beim Kauf angegebenen pers\u00f6nlichen Daten verkn\u00fcpfen.<\/p>\n\n<h2 class=\"wp-block-heading\">Welche Arten von Cookies werden auf dieser Website verwendet?<\/h2>\n\n<p>Technische Cookies: Diese Cookies erm\u00f6glichen es dem Nutzer, auf einer Website, einer Plattform oder einer Anwendung zu surfen und die verschiedenen dort vorhandenen Optionen oder Dienste zu nutzen, wie z. B. die Steuerung des Datenverkehrs und der Datenkommunikation, die Identifizierung der Sitzung, den Zugang zu Bereichen mit eingeschr\u00e4nktem Zugang, die Erinnerung an die Elemente, aus denen eine Bestellung besteht, die Durchf\u00fchrung des Kaufvorgangs einer Bestellung, die Beantragung einer Registrierung oder die Teilnahme an einer Veranstaltung, die Verwendung von Sicherheitselementen beim Surfen, die Speicherung von Inhalten f\u00fcr die \u00dcbertragung von Videos oder Ton oder die gemeinsame Nutzung von Inhalten \u00fcber soziale Netzwerke.<br\/>Personalisierungs-Cookies: Diese Cookies erm\u00f6glichen es dem Nutzer, auf den Dienst mit einigen vordefinierten allgemeinen Merkmalen zuzugreifen, die von einer Reihe von Kriterien auf dem Endger\u00e4t des Nutzers abh\u00e4ngen, wie z. B. der Sprache, der Art des Browsers, der f\u00fcr den Zugriff auf den Dienst verwendet wird, der regionalen Konfiguration, von der aus auf den Dienst zugegriffen wird, usw.<br\/>Analyse-Cookies: Es handelt sich um Cookies, die entweder von uns oder von Dritten verarbeitet werden und die es uns erm\u00f6glichen, die Anzahl der Nutzer zu quantifizieren und somit eine Messung und statistische Analyse der Nutzung des angebotenen Dienstes durch die Nutzer durchzuf\u00fchren. Zu diesem Zweck wird Ihr Surfverhalten auf unserer Website analysiert, um das Angebot an Produkten und Dienstleistungen f\u00fcr Sie zu verbessern.<br\/>Werbe-Cookies: Es handelt sich um Cookies, die entweder von uns oder von Dritten verarbeitet werden und die es uns erm\u00f6glichen, das Angebot an Werbefl\u00e4chen auf der Website so effizient wie m\u00f6glich zu verwalten, indem der Inhalt der Werbung an den Inhalt der angeforderten Dienstleistung oder an die Nutzung unserer Website angepasst wird. Zu diesem Zweck k\u00f6nnen wir Ihre Internet-Browsing-Gewohnheiten analysieren und Ihnen Werbung zeigen, die mit Ihrem Browsing-Profil zusammenh\u00e4ngt.<br\/>Cookies f\u00fcr verhaltensbezogene Werbung: Diese Cookies erm\u00f6glichen eine m\u00f6glichst effiziente Verwaltung der Werbefl\u00e4chen, die der Herausgeber gegebenenfalls auf einer Website, einer Anwendung oder einer Plattform, von der aus der angeforderte Dienst bereitgestellt wird, eingef\u00fcgt hat. In diesen Cookies werden Informationen \u00fcber das Verhalten der Nutzer gespeichert, die durch die kontinuierliche Beobachtung ihrer Surfgewohnheiten gewonnen werden und die es erm\u00f6glichen, ein spezifisches Profil zu erstellen, um darauf basierende Werbung anzuzeigen.<br\/>Cookies von Drittanbietern: Die Website serhumano.io kann Dienste von Drittanbietern nutzen, die im Auftrag von Google Informationen zu statistischen Zwecken, zur Nutzung der Website durch den Nutzer und zur Erbringung anderer Dienstleistungen im Zusammenhang mit der Aktivit\u00e4t der Website und anderer Internetdienste zusammenstellen.<br\/>Diese Website benutzt insbesondere Google Analytics, einen Webanalysedienst der Google Inc. mit Sitz in den Vereinigten Staaten und der Hauptniederlassung in 1600 Amphitheatre Parkway, Mountain View, California 94043. Um diese Dienste anbieten zu k\u00f6nnen, verwenden sie Cookies, die Informationen sammeln, einschlie\u00dflich der IP-Adresse des Nutzers, die von Google unter den auf der Website Google.com festgelegten Bedingungen \u00fcbertragen, verarbeitet und gespeichert werden. Dies gilt auch f\u00fcr die eventuelle \u00dcbermittlung dieser Informationen an Dritte, wenn dies gesetzlich vorgeschrieben ist oder wenn diese Dritten die Informationen im Auftrag von Google verarbeiten.<\/p>\n\n<p>Durch die Nutzung dieser Website erkl\u00e4rt sich der Nutzer ausdr\u00fccklich mit der Verarbeitung der auf diese Weise und zu den oben genannten Zwecken erhobenen Daten einverstanden. Sie best\u00e4tigen auch, dass Sie sich der M\u00f6glichkeit bewusst sind, die Verarbeitung solcher Daten oder Informationen zu verweigern, indem Sie die Verwendung von Cookies ablehnen, indem Sie die entsprechenden Einstellungen in Ihrem Browser zu diesem Zweck w\u00e4hlen. Diese Option der Blockierung von Cookies in Ihrem Browser erm\u00f6glicht es Ihnen jedoch m\u00f6glicherweise nicht, alle Funktionen der Website in vollem Umfang zu nutzen.<\/p>\n\n<p>Sie k\u00f6nnen die auf Ihrem Computer installierten Cookies zulassen, blockieren oder l\u00f6schen, indem Sie die auf Ihrem Computer installierten Browseroptionen konfigurieren:<\/p>\n\n<p>Internet Explorer: Extras &#8211; &gt; Internetoptionen &#8211; &gt; Datenschutz &#8211; &gt; Einstellungen. Weitere Informationen erhalten Sie beim Microsoft-Support oder in der Browser-Hilfe.<br\/>Firefox: Extras &#8211; &gt; Optionen &#8211; &gt; Datenschutz &#8211; &gt; Verlauf &#8211; &gt; Benutzerdefinierte Einstellungen. Weitere Informationen erhalten Sie beim Mozilla-Support oder in der Hilfe des Browsers.<br\/>Chrome: Einstellungen &#8211; &gt; Erweiterte Optionen anzeigen &#8211; &gt; Datenschutz &#8211; &gt; Inhaltseinstellungen. Weitere Informationen erhalten Sie beim Google-Support oder in der Browser-Hilfe.<br\/>Safari: Einstellungen &#8211; &gt; Sicherheit. F\u00fcr weitere Informationen k\u00f6nnen Sie den Apple-Support oder die Browser-Hilfe konsultieren.<\/p>\n\n<p>Wenn Sie Fragen zu dieser Cookie-Richtlinie haben, k\u00f6nnen Sie sich an Asociaci\u00f3n Protectora de Animales Galgos del Sur wenden galgosdelsur@gmail.com<\/p>\n","protected":false},"excerpt":{"rendered":"<p>Ein Cookie ist eine Datei, die auf Ihren Computer heruntergeladen wird, wenn Sie bestimmte Webseiten aufrufen. Cookies erm\u00f6glichen es einer Website unter anderem, Informationen \u00fcber die Surfgewohnheiten eines Nutzers oder seines Ger\u00e4ts zu speichern und abzurufen, und je nach den enthaltenen Informationen und der Art und Weise, wie er sein Ger\u00e4t benutzt, k\u00f6nnen sie zur [&hellip;]<\/p>\n","protected":false},"author":2,"featured_media":0,"parent":0,"menu_order":0,"comment_status":"closed","ping_status":"closed","template":"","meta":{"_acf_changed":false,"footnotes":""},"class_list":["post-6706","page","type-page","status-publish","hentry"],"acf":[],"_links":{"self":[{"href":"https:\/\/galgosdelsur.es\/de\/wp-json\/wp\/v2\/pages\/6706","targetHints":{"allow":["GET"]}}],"collection":[{"href":"https:\/\/galgosdelsur.es\/de\/wp-json\/wp\/v2\/pages"}],"about":[{"href":"https:\/\/galgosdelsur.es\/de\/wp-json\/wp\/v2\/types\/page"}],"author":[{"embeddable":true,"href":"https:\/\/galgosdelsur.es\/de\/wp-json\/wp\/v2\/users\/2"}],"replies":[{"embeddable":true,"href":"https:\/\/galgosdelsur.es\/de\/wp-json\/wp\/v2\/comments?post=6706"}],"version-history":[{"count":1,"href":"https:\/\/galgosdelsur.es\/de\/wp-json\/wp\/v2\/pages\/6706\/revisions"}],"predecessor-version":[{"id":6707,"href":"https:\/\/galgosdelsur.es\/de\/wp-json\/wp\/v2\/pages\/6706\/revisions\/6707"}],"wp:attachment":[{"href":"https:\/\/galgosdelsur.es\/de\/wp-json\/wp\/v2\/media?parent=6706"}],"curies":[{"name":"wp","href":"https:\/\/api.w.org\/{rel}","templated":true}]}}