{"id":6704,"date":"2022-11-03T10:34:26","date_gmt":"2022-11-03T09:34:26","guid":{"rendered":"https:\/\/galgosdelsur.es\/zuhause\/"},"modified":"2024-01-29T06:46:33","modified_gmt":"2024-01-29T05:46:33","slug":"zuhause","status":"publish","type":"page","link":"https:\/\/galgosdelsur.es\/de\/","title":{"rendered":"Zuhause"},"content":{"rendered":"<h1 class=\"wp-block-heading\">Rette ein Leben<\/h1>\n\n<p>Wir k\u00e4mpfen gegen die Misshandlung und Aussetzung von Galgos in der Provinz C\u00f3rdoba, wo sie schwer bestraft werden.<\/p>\n\n<div class=\"wp-block-buttons is-layout-flex wp-block-buttons-is-layout-flex\"><div class=\"wp-block-button\"><a class=\"wp-block-button__link\">Ich will adoptieren<\/a><\/div><\/div>\n\n<div class=\"wp-block-buttons is-layout-flex wp-block-buttons-is-layout-flex\"><div class=\"wp-block-button\"><a class=\"wp-block-button__link\">Ich will mich freiwillig melden<\/a><\/div><\/div>\n\n<h1 class=\"wp-block-heading\">Kalender 2024<\/h1>\n\n<p>Kaufen Sie unseren Solidarit\u00e4tskalender 2024<\/p>\n\n<div class=\"wp-block-buttons is-layout-flex wp-block-buttons-is-layout-flex\"><div class=\"wp-block-button\"><a class=\"wp-block-button__link\">Kalender 2024<\/a><\/div><\/div>\n\n<div class=\"wp-block-buttons is-layout-flex wp-block-buttons-is-layout-flex\"><div class=\"wp-block-button\"><a class=\"wp-block-button__link\">Ich will mich freiwillig melden<\/a><\/div><\/div>\n\n\u00dcber uns\n\n<h2 class=\"has-text-align-left wp-block-heading\">Verein Galgos del Sur<\/h2>\n\n<p>Die Asociaci\u00f3n Galgos del Sur ist eine gemeinn\u00fctzige Organisation zum Schutz ausgesetzter und misshandelter Galgos in der Provinz C\u00f3rdoba, einem wichtigen Galgogebiet.<\/p>\n<p>Der Verein <strong>k\u00e4mpft gegen das Aussetzen und massenhafte Abschlachten<\/strong> dieser wundersch\u00f6nen Tiere.<\/p>\n\n<figure class=\"wp-block-image size-full\"><img loading=\"lazy\" decoding=\"async\" width=\"600\" height=\"800\" src=\"https:\/\/galgosdelsur.es\/wp-content\/uploads\/galgo-difuminado-2.png\" alt class=\"wp-image-1769\"><\/figure>\n\n<h2 class=\"has-text-align-left wp-block-heading\">Wie k\u00f6nnen Sie uns helfen?<\/h2>\n\n<h3 class=\"wp-block-heading\">Patenschaft f\u00fcr einen Windhund<\/h3>\n\n<h3 class=\"wp-block-heading\">F\u00f6rdern Sie einen Windhund<\/h3>\n\n<h3 class=\"wp-block-heading\">Spenden<\/h3>\n\n<h3 class=\"wp-block-heading\">Freiwilligenarbeit<\/h3>\n\n<h3 class=\"wp-block-heading\">{site_title}<\/h3>\n\nHaben Sie Fragen zu unserem Verein? Hinterlassen Sie uns eine Nachricht und wir werden uns so schnell wie m\u00f6glich bei Ihnen melden.\n\n<h3 class=\"wp-block-heading\">Hunde zur <b>Adoption<\/b><\/h3>\n\n<h3 class=\"wp-block-heading\">Impfstoffe<\/h3>\n\nEine Impfung ist der beste Schutz vor Krankheiten wie Tollwut oder Zwingerhusten. Helfen Sie uns, Ihr Beitrag kann ihr Leben retten.\n\n<p><a href=\"https:\/\/galgosdelsur.es\/galgo-tienda\/donaciones\/donacion-vacunas-para-un-galgo\/\">Impfstoffe &gt;&gt;<\/a><\/p>\n\n<h3 class=\"wp-block-heading\">Hundefutter<\/h3>\n\nHelfen Sie uns, eines unserer M\u00e4dels <strong>einen Monat<\/strong> lang zu ern\u00e4hren.\n\n<p><a href=\"https:\/\/galgosdelsur.es\/galgo-tienda\/donaciones\/donacion-1-mes-de-pienso\/\">Hundefutter &gt;&gt;<\/a><\/p>\n\n<h3 class=\"wp-block-heading\">Keine Parasiten<\/h3>\n\nHelfen Sie uns, einen unserer Galgos <strong> einen ganzen Monat lang innerlich und \u00e4u\u00dferlich zu entwurmen.\n\n<p><a href=\"https:\/\/galgosdelsur.es\/galgo-tienda\/donaciones\/donacion-sin-parasitos-por-1-mes\/\">Keine Parasiten &gt;&gt;<\/a><\/p>\n\n<h3 class=\"wp-block-heading\">Spenden<\/h3>\n\nIhre Spende kann ein beliebiger Betrag sein, wie klein er auch sein mag, er wird ein Sandkorn in einem Berg sein.\n\n<p><a href=\"https:\/\/galgosdelsur.es\/hacer-un-donativo\/\">Spenden &gt;&gt;<\/a><\/p>","protected":false},"excerpt":{"rendered":"<p>Rette ein Leben Wir k\u00e4mpfen gegen die Misshandlung und Aussetzung von Galgos in der Provinz C\u00f3rdoba, wo sie schwer bestraft werden. Kalender 2024 Kaufen Sie unseren Solidarit\u00e4tskalender 2024 \u00dcber uns Verein Galgos del Sur Die Asociaci\u00f3n Galgos del Sur ist eine gemeinn\u00fctzige Organisation zum Schutz ausgesetzter und misshandelter Galgos in der Provinz C\u00f3rdoba, einem wichtigen [&hellip;]<\/p>\n","protected":false},"author":1,"featured_media":0,"parent":0,"menu_order":0,"comment_status":"closed","ping_status":"closed","template":"","meta":{"_acf_changed":false,"footnotes":""},"class_list":["post-6704","page","type-page","status-publish","hentry"],"acf":[],"_links":{"self":[{"href":"https:\/\/galgosdelsur.es\/de\/wp-json\/wp\/v2\/pages\/6704","targetHints":{"allow":["GET"]}}],"collection":[{"href":"https:\/\/galgosdelsur.es\/de\/wp-json\/wp\/v2\/pages"}],"about":[{"href":"https:\/\/galgosdelsur.es\/de\/wp-json\/wp\/v2\/types\/page"}],"author":[{"embeddable":true,"href":"https:\/\/galgosdelsur.es\/de\/wp-json\/wp\/v2\/users\/1"}],"replies":[{"embeddable":true,"href":"https:\/\/galgosdelsur.es\/de\/wp-json\/wp\/v2\/comments?post=6704"}],"version-history":[{"count":5,"href":"https:\/\/galgosdelsur.es\/de\/wp-json\/wp\/v2\/pages\/6704\/revisions"}],"predecessor-version":[{"id":6908,"href":"https:\/\/galgosdelsur.es\/de\/wp-json\/wp\/v2\/pages\/6704\/revisions\/6908"}],"wp:attachment":[{"href":"https:\/\/galgosdelsur.es\/de\/wp-json\/wp\/v2\/media?parent=6704"}],"curies":[{"name":"wp","href":"https:\/\/api.w.org\/{rel}","templated":true}]}}