{"id":6702,"date":"2023-12-05T19:41:33","date_gmt":"2023-12-05T18:41:33","guid":{"rendered":"https:\/\/galgosdelsur.es\/eine-spende-machen\/"},"modified":"2024-01-17T11:12:56","modified_gmt":"2024-01-17T10:12:56","slug":"eine-spende-machen","status":"publish","type":"page","link":"https:\/\/galgosdelsur.es\/de\/eine-spende-machen\/","title":{"rendered":"Eine Spende machen"},"content":{"rendered":"<h1 class=\"wp-block-heading\">{post_title}<\/h1><h3 class=\"wp-block-heading\">{je_page_subtitulo-pagina}<\/h3><h2 class=\"wp-block-heading\">WIE DU SIEHST, GIBT ES VIELE M\u00d6GLICHKEITEN, UNS BEI DER HILFE F\u00dcR DIE EDLEN GALGOS AKTIV ZU UNTERST\u00dcTZEN.<br\/>\n<strong>WORAUF WARTEST DU?<\/strong><\/h2>Puedes ayudar a trav\u00e9s de Paypal, abriendo el enlace del siguiente bot\u00f3n<div class=\"wp-block-buttons is-layout-flex wp-block-buttons-is-layout-flex\"><div class=\"wp-block-button\"><a class=\"wp-block-button__link\">Spenden Sie mit Paypal<\/a><\/div><\/div><h2 class=\"has-text-align-center wp-block-heading\">Paypal<\/h2><h2 class=\"has-text-align-center wp-block-heading\">Bank\u00fcberweisung<\/h2>Puedes hacer tu donativo en la cuenta de la Asociaci\u00f3n Protectora de Animales Galgos del SurBanco Santander Central Hispano<br\/>\n0049 1243 2524 1031 0340<br\/>\nIBAN ES18 0049 1243 2524 1031 0340<br\/>\nBIC: BSCHESMM<h2 class=\"has-text-align-center wp-block-heading\">Teaming<\/h2>Tambi\u00e9n puedes colaborar uni\u00e9ndote a nuestro Grupo Teaming por 1\u20ac\/mes<div class=\"wp-block-buttons is-layout-flex wp-block-buttons-is-layout-flex\"><div class=\"wp-block-button\"><a class=\"wp-block-button__link\">Teaming beitreten<\/a><\/div><\/div>","protected":false},"excerpt":{"rendered":"<p>{post_title} {je_page_subtitulo-pagina} WIE DU SIEHST, GIBT ES VIELE M\u00d6GLICHKEITEN, UNS BEI DER HILFE F\u00dcR DIE EDLEN GALGOS AKTIV ZU UNTERST\u00dcTZEN. WORAUF WARTEST DU? Puedes ayudar a trav\u00e9s de Paypal, abriendo el enlace del siguiente bot\u00f3n Paypal Bank\u00fcberweisung Puedes hacer tu donativo en la cuenta de la Asociaci\u00f3n Protectora de Animales Galgos del SurBanco Santander Central [&hellip;]<\/p>\n","protected":false},"author":2,"featured_media":0,"parent":0,"menu_order":0,"comment_status":"closed","ping_status":"closed","template":"","meta":{"_acf_changed":false,"footnotes":""},"class_list":["post-6702","page","type-page","status-publish","hentry"],"acf":[],"_links":{"self":[{"href":"https:\/\/galgosdelsur.es\/de\/wp-json\/wp\/v2\/pages\/6702","targetHints":{"allow":["GET"]}}],"collection":[{"href":"https:\/\/galgosdelsur.es\/de\/wp-json\/wp\/v2\/pages"}],"about":[{"href":"https:\/\/galgosdelsur.es\/de\/wp-json\/wp\/v2\/types\/page"}],"author":[{"embeddable":true,"href":"https:\/\/galgosdelsur.es\/de\/wp-json\/wp\/v2\/users\/2"}],"replies":[{"embeddable":true,"href":"https:\/\/galgosdelsur.es\/de\/wp-json\/wp\/v2\/comments?post=6702"}],"version-history":[{"count":1,"href":"https:\/\/galgosdelsur.es\/de\/wp-json\/wp\/v2\/pages\/6702\/revisions"}],"predecessor-version":[{"id":6703,"href":"https:\/\/galgosdelsur.es\/de\/wp-json\/wp\/v2\/pages\/6702\/revisions\/6703"}],"wp:attachment":[{"href":"https:\/\/galgosdelsur.es\/de\/wp-json\/wp\/v2\/media?parent=6702"}],"curies":[{"name":"wp","href":"https:\/\/api.w.org\/{rel}","templated":true}]}}