{"id":6696,"date":"2023-12-05T19:40:26","date_gmt":"2023-12-05T18:40:26","guid":{"rendered":"https:\/\/galgosdelsur.es\/der-galgo\/"},"modified":"2024-01-17T11:05:46","modified_gmt":"2024-01-17T10:05:46","slug":"der-galgo","status":"publish","type":"page","link":"https:\/\/galgosdelsur.es\/de\/der-galgo\/","title":{"rendered":"Der Galgo"},"content":{"rendered":"<h1 class=\"wp-block-heading\">{post_title}<\/h1><h2 class=\"wp-block-heading\">Ein wenig <b>Geschichte<\/b><\/h2><p>Der Windhund ist eine der <strong>\u00e4ltesten existierenden Hunderassen<\/strong> und hat sich im Laufe der Jahrhunderte nur wenig weiterentwickelt. Wahrscheinlich besteht eine entfernte Verwandtschaft mit den <strong>Hunden der Pharaonen im alten \u00c4gypten<\/strong>, da sie morphologisch sehr \u00e4hnlich sind und die R\u00f6mer als &#8222;\u00dcbertr\u00e4ger&#8220; dieser Rasse nach Hispanien fungiert haben k\u00f6nnten.<\/p><p>Es gibt auch die Hypothese, dass es die Kelten waren, die, ebenfalls \u00fcber das R\u00f6mische Reich, den Windhund in unser Land brachten, einen Nachkommen des alten g\u00e4lischen Hundes <strong>Canis Gallicus<\/strong>, daher der Name &#8222;Windhund&#8220;.<\/p><p>Es gibt historische Hinweise auf den Windhund in r\u00f6mischen Schriften oder Gem\u00e4lden in romanischen Kirchen, aber vielleicht haben wir einen der ber\u00fchmtesten Hinweise in der Literatur. Wir beziehen uns auf den Anfang von <strong>Don Quijote<\/strong> von Miguel de Cervantes, der wie folgt lautet: <strong><em>&#8222;In einem Ort in La Mancha, dessen Namen ich mir nicht merken m\u00f6chte, lebte vor nicht allzu langer Zeit ein Edelmann mit einer Lanze in einer Werft, einem altmodischen Buckler, einer d\u00fcnnen Halskrause und einem laufenden Windhund&#8220;.<\/em><\/strong><\/p><p>Vor allem zu dieser Zeit erlangte der Windhund eine gro\u00dfe Bedeutung im t\u00e4glichen Leben aller Gesellschaftsschichten und war nicht mehr nur ein Hund f\u00fcr die gehobene <strong>Gesellschaft<\/strong>, sondern etablierte sich als <strong>Werkzeug f\u00fcr die Hasenjagd<\/strong>.<\/p><p>Es gibt <strong>drei Arten von Spanischen Windhunden<\/strong>, den Kurzhaarigen, den Drahthaarigen und den Langhaarigen (praktisch verschwunden).<\/p><figure class=\"wp-block-image size-full\"><img loading=\"lazy\" decoding=\"async\" width=\"960\" height=\"1280\" src=\"https:\/\/galgosdelsur.es\/wp-content\/uploads\/el_galgo_historia_1.jpg\" alt=\"\" class=\"wp-image-615\" srcset=\"https:\/\/galgosdelsur.es\/wp-content\/uploads\/el_galgo_historia_1.jpg 960w, https:\/\/galgosdelsur.es\/wp-content\/uploads\/el_galgo_historia_1-768x1024.jpg 768w, https:\/\/galgosdelsur.es\/wp-content\/uploads\/el_galgo_historia_1-600x800.jpg 600w\" sizes=\"auto, (max-width: 960px) 100vw, 960px\" \/><\/figure><h2 class=\"wp-block-heading\"><b>Heutzutage<\/b><\/h2><p>Heutzutage ist der Galgo in Spanien nur noch ein <b>Werkzeug f\u00fcr die Jagd.<\/b> In den H\u00e4nden skrupelloser Galgueros fristen sie ein schreckliches Dasein. Die meisten von ihnen leben zusammengepfercht in kleinen Zwingern, in vielen F\u00e4llen mit kaum Bel\u00fcftung und Licht, und sind <strong>Opfer des st\u00e4ndigen Diebstahls und illegalen Handels<\/strong> mit diesen Tieren ohne jegliche staatliche Kontrolle.<\/p><p>Sie werden <strong>massenhaft gez\u00fcchtet<\/strong> und dann &#8222;selektiert&#8220;, und nur ein paar &#8222;Gl\u00fcckliche&#8220; werden zum Laufen und zur Hasenjagd eingesetzt, <strong>der Rest wird ausgerottet.<\/strong> auf viele verschiedene Arten (am bekanntesten ist, dass sie &#8222;zugunsten&#8220; anderer &#8222;Systeme&#8220; ungenutzt aufgeh\u00e4ngt, in Brunnen geworfen, in Wasserteichen ertr\u00e4nkt, von Tier\u00e4rzten ohne Sinn f\u00fcr Ethik geschlachtet, in st\u00e4dtische Zwinger gebracht, wo sie geschlachtet und massenhaft ausgerottet werden, oder einfach in Brunnen geworfen, in Teichen ertr\u00e4nkt, von Tier\u00e4rzten ohne Ethik geschlachtet, in st\u00e4dtische Zwinger gebracht, wo sie geschlachtet und massiv ausgerottet werden, oder einfach ihrem Schicksal \u00fcberlassen, in diesem Fall durch \u00dcberfahren, durch Hunger und Durst, durch Fallen, durch Gift &#8230;.).<\/p><p>Es wird gesch\u00e4tzt, dass <strong>Zwischen 50.000 und 75.000 Windhunde werden jedes Jahr in unserem Land get\u00f6tet.<\/strong>Leider liegen jedoch keine konkreten Daten vor, da der Tierschutz in den autonomen Gemeinschaften dezentralisiert ist und es nicht einmal ein allgemeines Register gibt, und bei diesen Daten handelt es sich um eine Sch\u00e4tzung der in den kommunalen Zwingern geschlachteten Windhunde, d. h. nur um die Spitze des Eisbergs.<\/p><p>Und all dies geschieht Jahr f\u00fcr Jahr. Es ist nicht ungew\u00f6hnlich, einen Windhund auf den Stra\u00dfen, in der N\u00e4he von Tankstellen und auf der Suche nach Futter in M\u00fclltonnen in D\u00f6rfern und St\u00e4dten anzutreffen&#8230;.. Und doch ist es, als w\u00e4ren sie alle <strong>unsichtbar<\/strong>, sie sind wie Geister&#8230; ein Windhund kann wochenlang umherirren, bevor ihn jemand &#8222;sieht&#8220; und versucht, ihm zu helfen, viele haben nicht einmal dieses Gl\u00fcck.<\/p><p>Leider haben die meisten Galgos nur sehr wenig Kontakt zu Menschen, und wenn, dann mit dem Galguero, der sie z\u00fcchtet und <strong>werden oft nicht sehr gut behandelt<\/strong> Sie sind normalerweise sehr misstrauisch gegen\u00fcber Menschen, die sie so schlecht behandelt haben, und es ist oft sehr schwierig, sie zu retten. Nur die <strong>Geduld<\/strong> von (echten) Menschen, die sie nach und nach mit Futter versorgen, kann das <strong>Vertrauen dieser Tiere gewinnen<\/strong>, um sie zu retten <strong>und ihnen ein besseres Leben zu erm\u00f6glichen<\/strong>.<\/p><p>Auf diese harte Realit\u00e4t r<strong>eagieren die regionalen und nationalen Beh\u00f6rden nicht und entschuldigen<\/strong> sich mit dem Mangel an Beschwerden oder den angeblichen wirtschaftlichen &#8222;Vorteilen&#8220; der Jagd mit Windhunden. <strong>Es ist wichtig<\/strong>, anzuprangern, Druck auszu\u00fcben und sich nicht mit &#8222;es ist unm\u00f6glich&#8220;, &#8222;ich kann nichts \u00e4ndern&#8220;, &#8222;es ist sinnlos&#8220; zufrieden zu geben &#8230;..<\/p><p><strong>Geben Sie nicht auf<\/strong>, nach und nach schlie\u00dfen sich Menschen zusammen, um diese Ungerechtigkeit zu stoppen, um etwas zu ver\u00e4ndern.<\/p><figure class=\"wp-block-image size-full\"><img loading=\"lazy\" decoding=\"async\" width=\"1200\" height=\"1600\" src=\"https:\/\/galgosdelsur.es\/wp-content\/uploads\/el_galgo_hoy.jpg\" alt=\"\" class=\"wp-image-622\" srcset=\"https:\/\/galgosdelsur.es\/wp-content\/uploads\/el_galgo_hoy.jpg 1200w, https:\/\/galgosdelsur.es\/wp-content\/uploads\/el_galgo_hoy-768x1024.jpg 768w, https:\/\/galgosdelsur.es\/wp-content\/uploads\/el_galgo_hoy-1152x1536.jpg 1152w, https:\/\/galgosdelsur.es\/wp-content\/uploads\/el_galgo_hoy-600x800.jpg 600w\" sizes=\"auto, (max-width: 1200px) 100vw, 1200px\" \/><\/figure>","protected":false},"excerpt":{"rendered":"<p>{post_title} Ein wenig Geschichte Der Windhund ist eine der \u00e4ltesten existierenden Hunderassen und hat sich im Laufe der Jahrhunderte nur wenig weiterentwickelt. Wahrscheinlich besteht eine entfernte Verwandtschaft mit den Hunden der Pharaonen im alten \u00c4gypten, da sie morphologisch sehr \u00e4hnlich sind und die R\u00f6mer als &#8222;\u00dcbertr\u00e4ger&#8220; dieser Rasse nach Hispanien fungiert haben k\u00f6nnten. Es gibt [&hellip;]<\/p>\n","protected":false},"author":2,"featured_media":0,"parent":0,"menu_order":0,"comment_status":"closed","ping_status":"closed","template":"","meta":{"_acf_changed":false,"footnotes":""},"class_list":["post-6696","page","type-page","status-publish","hentry"],"acf":[],"_links":{"self":[{"href":"https:\/\/galgosdelsur.es\/de\/wp-json\/wp\/v2\/pages\/6696","targetHints":{"allow":["GET"]}}],"collection":[{"href":"https:\/\/galgosdelsur.es\/de\/wp-json\/wp\/v2\/pages"}],"about":[{"href":"https:\/\/galgosdelsur.es\/de\/wp-json\/wp\/v2\/types\/page"}],"author":[{"embeddable":true,"href":"https:\/\/galgosdelsur.es\/de\/wp-json\/wp\/v2\/users\/2"}],"replies":[{"embeddable":true,"href":"https:\/\/galgosdelsur.es\/de\/wp-json\/wp\/v2\/comments?post=6696"}],"version-history":[{"count":1,"href":"https:\/\/galgosdelsur.es\/de\/wp-json\/wp\/v2\/pages\/6696\/revisions"}],"predecessor-version":[{"id":6697,"href":"https:\/\/galgosdelsur.es\/de\/wp-json\/wp\/v2\/pages\/6696\/revisions\/6697"}],"wp:attachment":[{"href":"https:\/\/galgosdelsur.es\/de\/wp-json\/wp\/v2\/media?parent=6696"}],"curies":[{"name":"wp","href":"https:\/\/api.w.org\/{rel}","templated":true}]}}