{"id":6690,"date":"2023-12-05T19:39:58","date_gmt":"2023-12-05T18:39:58","guid":{"rendered":"https:\/\/galgosdelsur.es\/wie-adoptieren\/"},"modified":"2024-01-17T16:51:41","modified_gmt":"2024-01-17T15:51:41","slug":"wie-adoptieren","status":"publish","type":"page","link":"https:\/\/galgosdelsur.es\/de\/wie-adoptieren\/","title":{"rendered":"Wie adoptieren"},"content":{"rendered":"<h1 class=\"wp-block-heading\">{post_title}<\/h1><p><!-- wp:Array \/--><\/p>\n<figure class=\"wp-block-image size-full\"><img loading=\"lazy\" decoding=\"async\" width=\"960\" height=\"1280\" src=\"https:\/\/galgosdelsur.es\/wp-content\/uploads\/el_galgo_historia_1.jpg\" alt=\"\" class=\"wp-image-615\" srcset=\"https:\/\/galgosdelsur.es\/wp-content\/uploads\/el_galgo_historia_1.jpg 960w, https:\/\/galgosdelsur.es\/wp-content\/uploads\/el_galgo_historia_1-768x1024.jpg 768w, https:\/\/galgosdelsur.es\/wp-content\/uploads\/el_galgo_historia_1-600x800.jpg 600w\" sizes=\"auto, (max-width: 960px) 100vw, 960px\" \/><\/figure><h2 class=\"wp-block-heading\">Warum m\u00f6chtest du ein Tier adoptieren?<\/h2><p>Ja, wir wissen, dass es viele Fragen gibt, aber das sind alles Fragen, die sich stellen, wenn Sie adoptieren und wenn das Tier und Sie ein gemeinsames Leben f\u00fchren. Es ist wichtig, sich diese Fragen ehrlich zu beantworten, denn die Tierheime und Zwinger sind voll von Tieren, deren Besitzer sich keine Gedanken \u00fcber das Thema Tierhaltung und die damit verbundene Verantwortung gemacht haben, und die Einzigen, die daf\u00fcr bezahlen (fast immer mit ihrem Leben), sind die Tiere.<\/p><p>Die Tatsache, dass Sie eine Adoption in Erw\u00e4gung ziehen, bedeutet, dass Sie ein verantwortungsbewusster und humaner Mensch sind, der sich der Situation von Haustieren in unserem Land bewusst geworden ist oder werden m\u00f6chte. Der Kauf und Verkauf von &#8222;Haustieren&#8220; f\u00f6rdert nur den Handel mit Leben, die &#8222;Nutzung&#8220; von Tieren als Lebensunterhalt, die wahllose Zucht und in vielen F\u00e4llen die Misshandlung und Verletzung von Tierrechten. Halten Sie sich also bitte von diesem &#8222;Markt&#8220; fern und geben Sie den Tieren im Tierheim eine Chance. Wenn also nach und nach niemand mehr kauft, wird das &#8222;Gesch\u00e4ft&#8220; nicht mehr rentabel sein und die Situation wird sich \u00e4ndern.<\/p><p>Wenn Sie sich entscheiden, einen Welpen zu adoptieren, m\u00fcssen Sie das Tier sterilisieren lassen, sobald es ausgewachsen ist. Dies ist die einzige wirksame und verantwortungsvolle M\u00f6glichkeit, die \u00dcberpopulation zu bek\u00e4mpfen, die das Hauptproblem und die Ursache f\u00fcr das Aussetzen von Tieren ist. Weitere Informationen finden Sie hier.<\/p><p>Sie k\u00f6nnen sich auch daf\u00fcr entscheiden, eine &#8222;<strong>vor\u00fcbergehende Pflegestelle<\/strong>&#8220; zu werden. Diese Zahl ist f\u00fcr die Erholung vieler Tiere von grundlegender Bedeutung und nur sehr wenig bekannt. Eine vor\u00fcbergehende Pflegestelle zu sein bedeutet, dass das Tier f\u00fcr eine bestimmte Zeit (normalerweise bis es sich erholt oder eine dauerhafte Familie gefunden hat) <strong>bei uns lebt und wir ihm die Pflege und Aufmerksamkeit geben, die es braucht.<\/strong> Viele m\u00f6gen denken, dass es schwer ist, sich von einem Tier zu trennen (das ist es immer, aber es lohnt sich, es aufzunehmen), mit dem man viele Dinge geteilt hat, aber man muss bedenken, dass man immer ein Teil des Lebens dieses Tieres sein wird, und dass es das wahrscheinlich dem Akt der Gro\u00dfz\u00fcgigkeit verdankt, den Sie getan haben, als Sie ihm Ihr Zuhause ge\u00f6ffnet haben. Diese Option eignet sich sehr gut f\u00fcr Menschen, die keinen sicheren Arbeitsplatz, keine wirtschaftliche Stabilit\u00e4t oder andere Umst\u00e4nde haben, die es ihnen nicht erlauben, ein Tier ein Leben lang zu halten. Freuen Sie sich! Probieren Sie es aus und Sie werden sehen, wie beruhigend es ist, das Leben eines Lebewesens zu retten.<\/p><p>Und schlie\u00dflich, wenn Sie sich verantwortungsbewusst und entschlossen f\u00fcr eine Adoption entschieden haben, hier noch ein paar letzte Tipps:<\/p><ul><li>Averigua todo lo que puedas sobre el animal que has elegido (car\u00e1cter, historia, procedencia, comportamiento, necesidades, estado de salud, etc.).<\/li><li>No elijas al animal s\u00f3lo por su aspecto, val\u00f3ralo en todo su conjunto y aseg\u00farate de que sois compatibles.<\/li><li>No te precipites.<\/li><li>Una vez adoptado ll\u00e9valo al veterinario. No lo agobies en las primeras semanas, el perro necesita su tiempo para adaptarse a su nueva vida.<\/li><li>Es importante que busques informaci\u00f3n y consejo sobre c\u00f3mo educar y convivir con tu nuevo compa\u00f1ero. Lee libros, busca art\u00edculos en Internet, consulta a \u00e9tologos o adiestradores caninos, etc. Esto tambi\u00e9n es muy importante si ya tienes un animal y quieres introducir otro en tu \u201cfamilia\/manada\u201d.<\/li><\/ul><p>Wir werden nicht m\u00fcde zu wiederholen, <strong>dass die Adoption eines Galgos dir unglaublich<\/strong> viel Freude bereiten und dein Leben bereichern wird. Aber es kann auch zu einigen Problemen f\u00fchren, denen man sich gemeinsam stellen muss. Es ist eine lebenslange Verpflichtung.<\/p><div class=\"wp-block-buttons is-layout-flex wp-block-buttons-is-layout-flex\"><div class=\"wp-block-button\"><a class=\"wp-block-button__link\">MEHR INFO<\/a><\/div><\/div><div class=\"wp-block-buttons is-layout-flex wp-block-buttons-is-layout-flex\"><div class=\"wp-block-button\"><a class=\"wp-block-button__link\">ADOPTIONS FORMULAR<\/a><\/div><\/div>","protected":false},"excerpt":{"rendered":"<p>{post_title} Warum m\u00f6chtest du ein Tier adoptieren? Ja, wir wissen, dass es viele Fragen gibt, aber das sind alles Fragen, die sich stellen, wenn Sie adoptieren und wenn das Tier und Sie ein gemeinsames Leben f\u00fchren. Es ist wichtig, sich diese Fragen ehrlich zu beantworten, denn die Tierheime und Zwinger sind voll von Tieren, deren [&hellip;]<\/p>\n","protected":false},"author":2,"featured_media":0,"parent":0,"menu_order":0,"comment_status":"closed","ping_status":"closed","template":"","meta":{"_acf_changed":false,"footnotes":""},"class_list":["post-6690","page","type-page","status-publish","hentry"],"acf":[],"_links":{"self":[{"href":"https:\/\/galgosdelsur.es\/de\/wp-json\/wp\/v2\/pages\/6690","targetHints":{"allow":["GET"]}}],"collection":[{"href":"https:\/\/galgosdelsur.es\/de\/wp-json\/wp\/v2\/pages"}],"about":[{"href":"https:\/\/galgosdelsur.es\/de\/wp-json\/wp\/v2\/types\/page"}],"author":[{"embeddable":true,"href":"https:\/\/galgosdelsur.es\/de\/wp-json\/wp\/v2\/users\/2"}],"replies":[{"embeddable":true,"href":"https:\/\/galgosdelsur.es\/de\/wp-json\/wp\/v2\/comments?post=6690"}],"version-history":[{"count":7,"href":"https:\/\/galgosdelsur.es\/de\/wp-json\/wp\/v2\/pages\/6690\/revisions"}],"predecessor-version":[{"id":6736,"href":"https:\/\/galgosdelsur.es\/de\/wp-json\/wp\/v2\/pages\/6690\/revisions\/6736"}],"wp:attachment":[{"href":"https:\/\/galgosdelsur.es\/de\/wp-json\/wp\/v2\/media?parent=6690"}],"curies":[{"name":"wp","href":"https:\/\/api.w.org\/{rel}","templated":true}]}}