{"id":6688,"date":"2023-12-05T19:39:47","date_gmt":"2023-12-05T18:39:47","guid":{"rendered":"https:\/\/galgosdelsur.es\/mithilfe\/"},"modified":"2024-01-17T09:06:24","modified_gmt":"2024-01-17T08:06:24","slug":"mithilfe","status":"publish","type":"page","link":"https:\/\/galgosdelsur.es\/de\/mithilfe\/","title":{"rendered":"MITHILFE"},"content":{"rendered":"<h2 class=\"wp-block-heading\"><b>Werde Mitglied<\/b><\/h2><p>Hilf uns, indem du die Vereinsziele unterst\u00fctzt, denn je mehr wir sind, umso mehr Druck k\u00f6nnen wir aus\u00fcben, um Ver\u00e4nderungen herbeizuf\u00fchren. Bereits ein finanzieller Zuschuss von 6\u20ac im Monat hilft uns. Es steht nat\u00fcrlich jedem frei, den Betrag einzusetzen, den er entbehren kann. Das Geld wird einzig und allein f\u00fcr die Tierhilfe verwendet, denn der Verein rechnet mit keinen Personal- und\/oder Administrationskosten (diese gehen voll zulasten der freiwilligen MitarbeiterInnen). Wenn du Mitglied werden m\u00f6chtest, klicke hier, um das Formular herunterzuladen.<\/p><div class=\"wp-block-buttons is-layout-flex wp-block-buttons-is-layout-flex\"><div class=\"wp-block-button\"><a class=\"wp-block-button__link\">Zusammenarbeiten<\/a><\/div><\/div><h2 class=\"wp-block-heading\">Mach eine einmalige <b>Spende<\/b><\/h2><p><!-- wp:Array \/--><\/p>\n<div class=\"wp-block-buttons is-layout-flex wp-block-buttons-is-layout-flex\"><div class=\"wp-block-button\"><a class=\"wp-block-button__link\">Spenden<\/a><\/div><\/div><h2 class=\"wp-block-heading\"><b>Werde Pate\/Patin<\/b> eines Galgos<\/h2><p><!-- wp:Array \/--><\/p>\n<div class=\"wp-block-buttons is-layout-flex wp-block-buttons-is-layout-flex\"><div class=\"wp-block-button\"><a class=\"wp-block-button__link\">Sponsern<\/a><\/div><\/div><h2 class=\"wp-block-heading\"><b>Pflegestelle<\/b><\/h2><p><!-- wp:Array \/--><\/p>\n<div class=\"wp-block-buttons is-layout-flex wp-block-buttons-is-layout-flex\"><div class=\"wp-block-button\"><a class=\"wp-block-button__link\">Begr\u00fc\u00dfen<\/a><\/div><\/div><h2 class=\"wp-block-heading\"><b>Werde freiwilliger Helfer\/freiwillige Helferin<\/b><\/h2><p><!-- wp:Array \/--><\/p>\n<div class=\"wp-block-buttons is-layout-flex wp-block-buttons-is-layout-flex\"><div class=\"wp-block-button\"><a class=\"wp-block-button__link\">Freiwillig<\/a><\/div><\/div><h2 class=\"wp-block-heading\">WIE DU SIEHST, GIBT ES VIELE M\u00d6GLICHKEITEN, UNS BEI DER HILFE F\u00dcR DIE EDLEN GALGOS AKTIV ZU UNTERST\u00dcTZEN.<br\/>\n<strong>WORAUF WARTEST DU?<\/strong><\/h2><h1 class=\"wp-block-heading\">{post_title}<\/h1><h3 class=\"wp-block-heading\">{je_page_subtitulo-pagina}<\/h3>","protected":false},"excerpt":{"rendered":"<p>Werde Mitglied Hilf uns, indem du die Vereinsziele unterst\u00fctzt, denn je mehr wir sind, umso mehr Druck k\u00f6nnen wir aus\u00fcben, um Ver\u00e4nderungen herbeizuf\u00fchren. Bereits ein finanzieller Zuschuss von 6\u20ac im Monat hilft uns. Es steht nat\u00fcrlich jedem frei, den Betrag einzusetzen, den er entbehren kann. Das Geld wird einzig und allein f\u00fcr die Tierhilfe verwendet, [&hellip;]<\/p>\n","protected":false},"author":2,"featured_media":0,"parent":0,"menu_order":0,"comment_status":"closed","ping_status":"closed","template":"","meta":{"_acf_changed":false,"footnotes":""},"class_list":["post-6688","page","type-page","status-publish","hentry"],"acf":[],"_links":{"self":[{"href":"https:\/\/galgosdelsur.es\/de\/wp-json\/wp\/v2\/pages\/6688","targetHints":{"allow":["GET"]}}],"collection":[{"href":"https:\/\/galgosdelsur.es\/de\/wp-json\/wp\/v2\/pages"}],"about":[{"href":"https:\/\/galgosdelsur.es\/de\/wp-json\/wp\/v2\/types\/page"}],"author":[{"embeddable":true,"href":"https:\/\/galgosdelsur.es\/de\/wp-json\/wp\/v2\/users\/2"}],"replies":[{"embeddable":true,"href":"https:\/\/galgosdelsur.es\/de\/wp-json\/wp\/v2\/comments?post=6688"}],"version-history":[{"count":1,"href":"https:\/\/galgosdelsur.es\/de\/wp-json\/wp\/v2\/pages\/6688\/revisions"}],"predecessor-version":[{"id":6689,"href":"https:\/\/galgosdelsur.es\/de\/wp-json\/wp\/v2\/pages\/6688\/revisions\/6689"}],"wp:attachment":[{"href":"https:\/\/galgosdelsur.es\/de\/wp-json\/wp\/v2\/media?parent=6688"}],"curies":[{"name":"wp","href":"https:\/\/api.w.org\/{rel}","templated":true}]}}